{"id":3,"date":"2019-04-13T06:47:18","date_gmt":"2019-04-13T06:47:18","guid":{"rendered":"http:\/\/localhost\/freshword\/?page_id=3"},"modified":"2020-06-15T14:52:01","modified_gmt":"2020-06-15T14:52:01","slug":"privacy-policy","status":"publish","type":"page","link":"https:\/\/auxtanneriesdewiltz.com\/de\/privacy-policy\/","title":{"rendered":"Datenschutz"},"content":{"rendered":"<div class=\"inner_content\">\n<p>Aux Tanneries de Wiltz strebt eine vollst\u00e4ndige DSVGO-Konformit\u00e4t an. Wir sammeln Informationen \u00fcber Cookies von unseren Besuchern aus verschiedenen Gr\u00fcnden:<\/p>\n<ul style=\"list-style-type: disc; padding-left: 30px; padding-bottom: 15px;\">\n<li>statistische Zwecke, um zu erfassen, wie viele Benutzer wir haben und wie oft Sie unsere Website besuchen<\/li>\n<li>Sammlung von Informationen zur \u00dcberwachung des Verhaltens auf der Website und zur Verbesserung unserer Dienste<\/li>\n<\/ul>\n<p>Wir \u00fcberwachen keine individuellen Verkehrsmuster auf unserer Website und werden unser M\u00f6glichstes tun, um Ihre Privatsph\u00e4re zu respektieren.<\/p>\n<h3 style=\"padding: 10px 0;\">Informationssammlung<\/h3>\n<p>Wir erfassen Informationen \u00fcber unsere Nutzer \u00fcber Google Analytics und wenn Sie sich f\u00fcr unseren Newsletter anmelden. Wenn Sie sich in der Vergangenheit oder Zukunft f\u00fcr unseren Newsletter angemeldet haben oder uns Ihre E-Mail-Adresse aus einem anderen Grund mitgeteilt haben, werden wir Ihre Daten weder verkaufen noch an andere Unternehmen weitergeben.<\/p>\n<h3 style=\"padding: 10px 0;\">Wie sch\u00fctzen wir Ihre Daten?<\/h3>\n<p>Ihre pers\u00f6nlichen Daten befinden sich in gesicherten Netzwerken und sind nur einer begrenzten Anzahl von Personen zug\u00e4nglich, die \u00fcber besondere Zugriffsrechte auf solche Systeme verf\u00fcgen und zur Geheimhaltung der Informationen verpflichtet sind. Dar\u00fcber hinaus werden alle von Ihnen bereitgestellten Informationen mithilfe der SSL-Technologie (Secure Socket Layer) verschl\u00fcsselt. Wir ergreifen eine Reihe von Sicherheitsma\u00dfnahmen, wenn ein Benutzer Daten eingibt, \u00fcbermittelt oder auf diese zugreift, um die Sicherheit Ihrer pers\u00f6nlichen Daten zu gew\u00e4hrleisten. Es kann jedoch keine 100% sichere Online-Daten\u00fcbertragung garantiert werden.<\/p>\n<h3 style=\"padding: 10px 0;\">Was sind Cookies?<\/h3>\n<p>Ein Cookie ist eine kleine Textdatei mit Daten, die von Ihrem Browser auf Ihrem Computer gespeichert werden. Wenn Sie die Website ein weiteres Mal besuchen, stellt ein Cookie sicher, dass Ihr Browser erkannt wird. Beispielsweise k\u00f6nnen Ihre Einstellungen f\u00fcr Anmeldungen beibehalten werden, oder auf der Website werden Informationen angezeigt, die Sie m\u00f6glicherweise deutlicher interessieren. Cookies k\u00f6nnen auch zu statistischen Zwecken verwendet werden. Cookies sind immer anonym und Ihre pers\u00f6nlichen Daten werden erst bekannt, wenn Sie sie verlassen.<\/p>\n<h3 style=\"padding: 10px 0;\">Drittanbieter<\/h3>\n<p>Drittanbieter wie Google Analytics, Facebook Pixels oder Sendinblue generieren statistische Cookies, um Werbeimpressionen und -ums\u00e4tze zu verfolgen. Die Verwendung von Cookies durch Dritte unterliegt den Datenschutz- und Cookie-Richtlinien dieser Unternehmen. F\u00fcr weitere Informationen zu <a href=\"https:\/\/policies.google.com\/privacy?hl=en\" target=\"_blank\" rel=\"noopener noreferrer\">Googles Datenschutzbestimmungen<\/a>, folgen Sie bitte diesem Link. Hier ist auch eine Chrome-Erweiterung, die Google entwickelt hat, um die Deaktivierung seines Analytics-Programms zu erm\u00f6glichen: <a href=\"https:\/\/tools.google.com\/dlpage\/gaoptout?hl=en\" target=\"_blank\" rel=\"noopener noreferrer\">tools.google.com\/dlpage\/gaoptout?hl=en<\/a>.<\/p>\n<h3 style=\"padding: 10px 0;\">Wie kann ich mich abmelden?<\/h3>\n<p>Leser k\u00f6nnen sich mit den folgenden Methoden von Online-Verhaltenswerbung abmelden: Verwenden Sie das Online-Auswahl-Abmeldetool, das unter der folgenden URL bereitgestellt wird: <a href=\"https:\/\/www.youronlinechoices.com\/opt-out-interface\" target=\"_blank\" rel=\"noopener noreferrer\">www.youronlinechoices.com\/opt-out<\/a>. Oder \u00e4ndern Sie die Browsereinstellungen Ihres Computers, um die Verwendung aller Cookies von Drittanbietern zu blockieren, zu l\u00f6schen und \/ oder zu steuern. Weitere Informationen finden Sie in der Dokumentation zum Webbrowser Ihres Computers.<\/p>\n<h3 style=\"padding: 10px 0;\">Soziale Medien<\/h3>\n<p>Auf der Website von Aux Tanneries de Wiltz k\u00f6nnen Sie \u00fcber die verf\u00fcgbaren Social-Media-Schaltfl\u00e4chen Informationen \u00fcber soziale Medien weitergeben. Die jeweiligen sozialen Medien k\u00f6nnen \u00fcber diese Schaltfl\u00e4chen Cookies platzieren. Wir haben keinen Einfluss auf die Verwendung dieser Cookies durch diese Parteien. Sie sind f\u00fcr die Verwendung und Bereitstellung der so erhaltenen Daten verantwortlich. F\u00fcr diese Nutzung gelten die Datenschutzrichtlinien und Gesch\u00e4ftsbedingungen der beteiligten Social-Media-Plattformen. Finden Sie unten die Datenschutzrichtlinien der relevanten Social-Media-Plattformen :<\/p>\n<ul style=\"padding: 0 0 15px 30px; list-style-type: disc;\">\n<li><a href=\"https:\/\/www.facebook.com\/policy.php\" target=\"_blank\" rel=\"noopener noreferrer\">Facebook<\/a><\/li>\n<\/ul>\n<h3 style=\"padding: 10px 0;\">Fragen<\/h3>\n<p>Wenn Sie Fragen zu unserer Datenschutzerkl\u00e4rung oder zur Verwendung Ihrer Daten haben, k\u00f6nnen Sie sich direkt \u00fcber die folgende E-Mail-Adresse an uns wenden: <a href=\"mailto:info@auxtanneriesdewiltz.com\">info@auxtanneriesdewiltz.com<\/a>.<\/p>\n<\/div>","protected":false},"excerpt":{"rendered":"<p>Aux Tanneries de Wiltz vise \u00e0 \u00eatre pleinement conforme \u00e0 la GDPR. Nous recueillons des informations sur les cookies de nos visiteurs pour plusieurs raisons : des fins statistiques pour suivre le nombre d&rsquo;utilisateurs que nous avons et combien de fois vous visitez notre site Web collecte d&rsquo;informations pour surveiller le comportement sur le site [&hellip;]<\/p>\n","protected":false},"author":2,"featured_media":0,"parent":0,"menu_order":0,"comment_status":"closed","ping_status":"open","template":"","meta":{"_acf_changed":false,"ngg_post_thumbnail":0,"footnotes":""},"class_list":["post-3","page","type-page","status-publish","hentry"],"acf":[],"_links":{"self":[{"href":"https:\/\/auxtanneriesdewiltz.com\/de\/wp-json\/wp\/v2\/pages\/3","targetHints":{"allow":["GET"]}}],"collection":[{"href":"https:\/\/auxtanneriesdewiltz.com\/de\/wp-json\/wp\/v2\/pages"}],"about":[{"href":"https:\/\/auxtanneriesdewiltz.com\/de\/wp-json\/wp\/v2\/types\/page"}],"author":[{"embeddable":true,"href":"https:\/\/auxtanneriesdewiltz.com\/de\/wp-json\/wp\/v2\/users\/2"}],"replies":[{"embeddable":true,"href":"https:\/\/auxtanneriesdewiltz.com\/de\/wp-json\/wp\/v2\/comments?post=3"}],"version-history":[{"count":16,"href":"https:\/\/auxtanneriesdewiltz.com\/de\/wp-json\/wp\/v2\/pages\/3\/revisions"}],"predecessor-version":[{"id":2504,"href":"https:\/\/auxtanneriesdewiltz.com\/de\/wp-json\/wp\/v2\/pages\/3\/revisions\/2504"}],"wp:attachment":[{"href":"https:\/\/auxtanneriesdewiltz.com\/de\/wp-json\/wp\/v2\/media?parent=3"}],"curies":[{"name":"wp","href":"https:\/\/api.w.org\/{rel}","templated":true}]}}