{"id":513,"date":"2019-04-26T07:42:02","date_gmt":"2019-04-26T07:42:02","guid":{"rendered":"http:\/\/auxtanneriesdewiltz.com\/?page_id=513"},"modified":"2020-03-04T14:25:43","modified_gmt":"2020-03-04T14:25:43","slug":"impressum","status":"publish","type":"page","link":"https:\/\/auxtanneriesdewiltz.com\/de\/impressum\/","title":{"rendered":"Impressum"},"content":{"rendered":"<div class=\"inner_content\">\n<h3 style=\"padding: 10px 0;\">Unternehmen:<\/h3>\n<address style=\"padding: 10px 0;\">\n<p>In den Gerbereien von Wiltz<\/p>\n<p>Henri Roemer &amp; Monique Michiels<\/p>\n<p><a href=\"https:\/\/goo.gl\/maps\/yzQES3JFAXedcPzw8\" target=\"_blank\" rel=\"noreferrer noopener\">18 Am Bongert, L- 9550 Wiltz<\/a><\/p>\n<p>Umsatzsteuer-Identifikationsnummer :<\/p>\n<\/address>\n<h3 style=\"padding: 10px 0;\">Kontaktinformationen:<\/h3>\n<p>Telefon:\u00a0<a href=\"tel:00352957599\">+352 957 599<\/a><\/p>\n<p>Email:\u00a0<a href=\"mailto:info@auxtanneriesdewiltz.com\">info@auxtanneriesdewiltz.com<\/a><\/p>\n<p>Webseite:\u00a0<a href=\"https:\/\/auxtanneriesdewiltz.com\/de\/\">www.auxtanneriesdewiltz.com<\/a><\/p>\n<h3 style=\"padding: 10px 0;\">Haftungsausschluss:<\/h3>\n<h3 style=\"padding: 10px 0;\">Haftung f\u00fcr Inhalte:<\/h3>\n<p style=\"padding-bottom: 10px;\">Die Inhalte unserer Seiten wurden mit gr\u00f6\u00dfter Sorgfalt erstellt. F\u00fcr die Richtigkeit, Vollst\u00e4ndigkeit und Aktualit\u00e4t der Inhalte k\u00f6nnen wir jedoch keine Gew\u00e4hr \u00fcbernehmen. Als Diensteanbieter sind wir gem\u00e4\u00df den allgemeinen Gesetzen f\u00fcr eigene Inhalte auf diesen Seiten verantwortlich. Wir sind jedoch nicht verpflichtet, \u00fcbermittelte oder gespeicherte fremde Informationen zu \u00fcberwachen oder nach Umst\u00e4nden zu forschen, die auf eine rechtswidrige T\u00e4tigkeit hinweisen. Verpflichtungen zur Entfernung oder Sperrung der Nutzung von Informationen nach den allgemeinen Gesetzen bleiben hiervon unber\u00fchrt. Eine diesbez\u00fcgliche Haftung ist jedoch erst ab dem Zeitpunkt der Kenntnis einer konkreten Rechtsverletzung m\u00f6glich. Bei bekannt werden von entsprechenden Rechtsverletzungen werden wir diese Inhalte umgehend entfernen.<\/p>\n<p>Unsere Website wurde in Zusammenarbeit mit RegiOtels erstellt, einem Unternehmen, das kleinen und mittleren unabh\u00e4ngigen Hotels in Bezug auf digitales Marketing, Revenue Management und Vertrieb und Marketing hilft. Wenn Sie mehr \u00fcber deren Dienstleistungen erfahren m\u00f6chten, besuchen Sie bitte deren Website (<a href=\"https:\/\/www.regiotels.com\" target=\"_blank\" rel=\"noreferrer noopener\">regiotels.com<\/a>) oder kontaktieren Sie sie direkt \u00fcber die folgende E-Mail-Adresse: <a href=\"mailto:info@regiotels.com\">info@regiotels.com<\/a>.<\/p>\n<h3 style=\"padding: 10px 0;\">Haftung f\u00fcr Links:<\/h3>\n<p style=\"padding: 10px 0;\">Unser Angebot enth\u00e4lt Links zu externen Webseiten Dritter, auf deren Inhalte wir keinen Einfluss haben. Deshalb k\u00f6nnen wir f\u00fcr diese fremden Inhalte auch keine Gew\u00e4hr \u00fcbernehmen. F\u00fcr die Inhalte der verlinkten Seiten ist stets der jeweilige Anbieter oder Betreiber der Seiten verantwortlich. Die verlinkten Seiten wurden zum Zeitpunkt der Verlinkung auf m\u00f6gliche Rechtsverst\u00f6\u00dfe \u00fcberpr\u00fcft. Rechtswidrige Inhalte waren zum Zeitpunkt der Verlinkung nicht erkennbar. Eine permanente inhaltliche Kontrolle der verlinkten Seiten ist jedoch ohne konkrete Anhaltspunkte einer Rechtsverletzung nicht zumutbar. Bei Bekanntwerden von Rechtsverletzungen werden wir derartige Links umgehend entfernen.<\/p>\n<h3 style=\"padding: 10px 0;\">Urheberrechte:<\/h3>\n<p style=\"padding: 10px 0;\">Die durch die Seitenbetreiber erstellten Inhalte und Werke auf diesen Seiten unterliegen dem belgischen Urheberrecht. Die Vervielf\u00e4ltigung, Bearbeitung, Verbreitung und jede Art der Verwertung au\u00dferhalb der Grenzen des Urheberrechtes bed\u00fcrfen der schriftlichen Zustimmung des jeweiligen Autors bzw. Erstellers. Downloads und Kopien dieser Seite und des Inhalts sind nicht gestattet. Soweit die Inhalte auf dieser Seite nicht vom Betreiber erstellt wurden, werden die Urheberrechte Dritter beachtet. Insbesondere werden Inhalte Dritter als solche gekennzeichnet. Sollten Sie trotzdem auf eine Urheberrechtsverletzung aufmerksam werden, bitten wir um einen Hinweis. Bei Bekanntwerden von Rechtsverletzungen werden wir derartige Inhalte umgehend entfernen.<\/p>\n<h3 style=\"padding: 10px 0;\">Haftung f\u00fcr Fotos:<\/h3>\n<p style=\"padding: 10px 0;\">Alle Bilder auf dieser Website wurden von einem professionellen Fotografen aufgenommen, der das Hotel selbst beauftragt hat. Bei Fragen zur Lizenzierung der Bilder bitten wir Sie, sich unter der folgenden E-Mail-Adresse an uns zu wenden: <a href=\"mailto:info@auxtanneriesdewiltz.com?subject=Photographs\">info@auxtanneriesdewiltz.com<\/a>.<\/p>\n<p style=\"padding: 10px 0;\">Die Bilder auf unserer Seite \"Aktivit\u00e4ten\" stammen von <a href=\"http:\/\/www.pexels.com\/\" target=\"_blank\" rel=\"noreferrer noopener\">pexels.com<\/a> oder anderen Websites, auf denen diese Bilder ohne Lizenz bereitgestellt werden.<\/p>\n<h3 style=\"padding: 10px 0;\">Datenschutz:<\/h3>\n<p style=\"padding: 10px 0;\">Weitere Informationen zu unseren Datenschutzbestimmungen finden Sie auf unserer\u00a0<a href=\"http:\/\/auxtanneriesdewiltz.com\/de\/privacy-policy\/\">Seite mit den Datenschutzbestimmungen<\/a>.<\/p>\n<\/div>","protected":false},"excerpt":{"rendered":"<p>Entreprise : Aux Tanneries de Wiltz Henri Roemer &#038; Monique Michiels 18 Am Bongert, L- 9550 Wiltz Num\u00e9ro de TVA : Contact : T\u00e9l\u00e9phone :\u00a0+352 957 599 E-mail :\u00a0info@auxtanneriesdewiltz.com Site Web :\u00a0www.auxtanneriesdewiltz.com Avertissement : Responsabilit\u00e9 pour le contenu : Le contenu de nos pages a \u00e9t\u00e9 cr\u00e9\u00e9 avec le plus grand soin. Cependant, nous ne [&hellip;]<\/p>\n","protected":false},"author":2,"featured_media":0,"parent":0,"menu_order":0,"comment_status":"closed","ping_status":"closed","template":"","meta":{"_acf_changed":false,"ngg_post_thumbnail":0,"footnotes":""},"class_list":["post-513","page","type-page","status-publish","hentry"],"acf":[],"_links":{"self":[{"href":"https:\/\/auxtanneriesdewiltz.com\/de\/wp-json\/wp\/v2\/pages\/513","targetHints":{"allow":["GET"]}}],"collection":[{"href":"https:\/\/auxtanneriesdewiltz.com\/de\/wp-json\/wp\/v2\/pages"}],"about":[{"href":"https:\/\/auxtanneriesdewiltz.com\/de\/wp-json\/wp\/v2\/types\/page"}],"author":[{"embeddable":true,"href":"https:\/\/auxtanneriesdewiltz.com\/de\/wp-json\/wp\/v2\/users\/2"}],"replies":[{"embeddable":true,"href":"https:\/\/auxtanneriesdewiltz.com\/de\/wp-json\/wp\/v2\/comments?post=513"}],"version-history":[{"count":32,"href":"https:\/\/auxtanneriesdewiltz.com\/de\/wp-json\/wp\/v2\/pages\/513\/revisions"}],"predecessor-version":[{"id":1983,"href":"https:\/\/auxtanneriesdewiltz.com\/de\/wp-json\/wp\/v2\/pages\/513\/revisions\/1983"}],"wp:attachment":[{"href":"https:\/\/auxtanneriesdewiltz.com\/de\/wp-json\/wp\/v2\/media?parent=513"}],"curies":[{"name":"wp","href":"https:\/\/api.w.org\/{rel}","templated":true}]}}