{"id":2226,"date":"2020-04-17T16:49:21","date_gmt":"2020-04-17T16:49:21","guid":{"rendered":"http:\/\/auxtanneriesdewiltz.com\/?page_id=2226"},"modified":"2023-01-03T14:13:53","modified_gmt":"2023-01-03T14:13:53","slug":"histoire","status":"publish","type":"page","link":"https:\/\/auxtanneriesdewiltz.com\/nl\/histoire\/","title":{"rendered":"Geschiedenis van de leerlooierijen van Wiltz"},"content":{"rendered":"<div class=\"gray-section\">\n<p>Het gebouw van het Hotel-Restaurant \"Aux Tanneries de Wiltz\" is een centraal element van het culturele erfgoed van de stad Wiltz en het noorden van het Groothertogdom. Gebouwd in 1735, tijdens de Oostenrijkse periode, zijn de muren al bijna 200 jaar getuige van de productie van leer. Het leerwerk in de werkplaatsen langs de rivier de Wiltz dateert uit de 16e eeuw.<\/p>\n<p>In 1868 telde de stad 28 leerlooierijen, waarvan er twee overleefden tot de tweede helft van de 20e eeuw. Na de Eerste Wereldoorlog staakten de meeste kleine fabrieken hun productie en werd de bouw van het huidige hotel, aanvankelijk omgebouwd tot een garage voor vrachtwagens, geleidelijk stopgezet. \n\n\u202f<\/p>\n<p>Vandaag is het allemaal geschiedenis. Wiltz heeft de ontwikkeling van andere sectoren gezien, met name de tertiaire sector en cultuur, maar de bevolking bewaart de herinnering aan haar voorouders, om na te denken over de moeilijke omstandigheden waarmee ze in hun dagelijkse werk werden geconfronteerd of om hun verzet tegen de bewoner te herdenken tijdens de Tweede Wereldoorlog.<\/p>\n<p>In 1994 ondernam Henri Roemer, oorspronkelijk uit Wiltz, een ambitieus renovatieproject om het potentieel en de ziel van dit oude gebouw te doen ontwaken. De architect heeft het uiterlijk van de oude verwoeste gebouwen behouden om een \u200b\u200bharmonieus geheel te cre\u00ebren dat uitkijkt op de rivier en dat draait om het echte hart van het hotel: het restaurant. U vindt er alle charme van de oude leerlooierijen waar de gewelfde stenen muren ooit beschut stonden.<\/p>\n<p>In 2009 werd het hotel uitgebreid met een bijgebouw dat de hotelcapaciteit vergroot en moderne service en gastvrijheid biedt. Een zwembad, sauna maken het aanbod voor de meest veeleisende gasten compleet.<\/p>\n<p>Na 26 jaar werk geeft Henri de fakkel door aan zijn zoon Charles, die, opgegroeid met dit project, het bewustzijn deelt over de noodzaak om dit vlaggenschip van het lokale erfgoed te behouden en te ontwikkelen.<\/p>\n<div style=\"display: flex; flex-flow: row wrap;\">\n<p><img decoding=\"async\" src=\"http:\/\/auxtanneriesdewiltz.com\/wp-content\/uploads\/2020\/04\/LareiSimon1.jpg\" alt=\"\" \/><\/p>\n<p><img decoding=\"async\" src=\"http:\/\/auxtanneriesdewiltz.com\/wp-content\/uploads\/2020\/04\/LareiSimon3.jpg\" alt=\"\" \/><\/p>\n<p><img decoding=\"async\" src=\"http:\/\/auxtanneriesdewiltz.com\/wp-content\/uploads\/2020\/04\/LareiSimon4.jpg\" alt=\"\" \/><\/p>\n<p><img decoding=\"async\" src=\"http:\/\/auxtanneriesdewiltz.com\/wp-content\/uploads\/2020\/04\/IMG_2030.jpg\" alt=\"\" \/><\/p>\n<\/div>\n<\/div>","protected":false},"excerpt":{"rendered":"<p>Le b\u00e2timent de L\u2019H\u00f4tel-Restaurant \u00ab\u00a0Aux Tanneries de Wiltz\u00a0\u00bb est un \u00e9l\u00e9ment central du patrimoine culturel de la ville de Wiltz et du nord du Grand-Duch\u00e9. Construit en 1735, durant la p\u00e9riode autrichienne, ses murs ont \u00e9t\u00e9 les t\u00e9moins de la production de cuir durant pr\u00e8s de 200 ans. Le travail du cuir dans les ateliers [&hellip;]<\/p>\n","protected":false},"author":2,"featured_media":0,"parent":0,"menu_order":0,"comment_status":"closed","ping_status":"closed","template":"","meta":{"_acf_changed":false,"ngg_post_thumbnail":0,"footnotes":""},"class_list":["post-2226","page","type-page","status-publish","hentry"],"acf":[],"_links":{"self":[{"href":"https:\/\/auxtanneriesdewiltz.com\/nl\/wp-json\/wp\/v2\/pages\/2226","targetHints":{"allow":["GET"]}}],"collection":[{"href":"https:\/\/auxtanneriesdewiltz.com\/nl\/wp-json\/wp\/v2\/pages"}],"about":[{"href":"https:\/\/auxtanneriesdewiltz.com\/nl\/wp-json\/wp\/v2\/types\/page"}],"author":[{"embeddable":true,"href":"https:\/\/auxtanneriesdewiltz.com\/nl\/wp-json\/wp\/v2\/users\/2"}],"replies":[{"embeddable":true,"href":"https:\/\/auxtanneriesdewiltz.com\/nl\/wp-json\/wp\/v2\/comments?post=2226"}],"version-history":[{"count":13,"href":"https:\/\/auxtanneriesdewiltz.com\/nl\/wp-json\/wp\/v2\/pages\/2226\/revisions"}],"predecessor-version":[{"id":3286,"href":"https:\/\/auxtanneriesdewiltz.com\/nl\/wp-json\/wp\/v2\/pages\/2226\/revisions\/3286"}],"wp:attachment":[{"href":"https:\/\/auxtanneriesdewiltz.com\/nl\/wp-json\/wp\/v2\/media?parent=2226"}],"curies":[{"name":"wp","href":"https:\/\/api.w.org\/{rel}","templated":true}]}}